{"id":4,"date":"2018-10-08T15:14:40","date_gmt":"2018-10-08T15:14:40","guid":{"rendered":"http:\/\/rechtsanwalt-olschewski.de\/?page_id=4"},"modified":"2020-12-10T17:19:05","modified_gmt":"2020-12-10T17:19:05","slug":"home","status":"publish","type":"page","link":"http:\/\/rechtsanwalt-olschewski.de\/","title":{"rendered":"Home"},"content":{"rendered":"<p>Die Anwaltskanzlei Olschewski wurde 1994 von Rechtsanwalt Rainer Olschewski gegr\u00fcndet und hat sich als hoch spezialisierte Kanzlei mit den <strong>Schwerpunkten<\/strong><\/p>\n<ul>\n<li><strong>Datenschutzrecht <\/strong><\/li>\n<li><strong>Compliance<\/strong><\/li>\n<li><strong>Steuer- und Wirtschaftsrecht<\/strong><\/li>\n<\/ul>\n<p>auch \u00fcberregional einen Namen gemacht.<\/p>\n<p>Mit meinen Zusatzqualifikationen als <strong>Fachanwalt f\u00fcr Steuerrecht, zertifizierter Datenschutzbeauftragter (T\u00dcV), SAP Solution Consultant (SCM) und Compliance Officer (T\u00dcV)\u00a0<\/strong>biete ich Mandanten qualifizierte und faire Beratung durch:<\/p>\n<ul>\n<li><strong>Audits und GAP-Analysen in den Bereichen Datenschutz und Compliance <\/strong><\/li>\n<li><strong>Datenschutzfolgeabsch\u00e4tzungen nach Artikel 35 Datenschutzgrundverordnung <\/strong><\/li>\n<\/ul>\n<p>Als Rechtsanwalt \u00fcbernehme ich f\u00fcr Unternehmen und gemeinn\u00fctzige Organisation die Rolle eines<\/p>\n<ul>\n<li><strong>externen Datenschutzbeauftragten<\/strong><\/li>\n<li><strong>externen Beauftragten f\u00fcr Compliance <\/strong><\/li>\n<li><strong>Ansprechpartners f\u00fcr ein Hinweisgebersystem (Whistle-Blowing)<\/strong><\/li>\n<li><strong>Obmanns<\/strong><\/li>\n<li><strong>Aufsichtsrats<\/strong><\/li>\n<\/ul>\n<p>In den vorgenannten Bereichen unterst\u00fctze ich mit meiner Erfahrung aus ca. 25 Berufsjahren gerne auch bereits bestellte Beauftragte oder Betriebsr\u00e4te durch Rechtsberatung, externes Coaching, GAP-Analyse oder Datenschutzfolgeabsch\u00e4tzungen.<\/p>\n<p>Melden Sie sich einfach unter info@rechtsanwalt-olschewski.de oder +49 2241 310453 damit wir die M\u00f6glichkeiten einer Zusammenarbeit er\u00f6rtern k\u00f6nnen.<\/p>\n","protected":false},"excerpt":{"rendered":"<p>Die Anwaltskanzlei Olschewski wurde 1994 von Rechtsanwalt Rainer Olschewski gegr\u00fcndet und hat sich als hoch spezialisierte Kanzlei mit den Schwerpunkten Datenschutzrecht Compliance Steuer- und Wirtschaftsrecht auch \u00fcberregional einen Namen gemacht. Mit meinen Zusatzqualifikationen als Fachanwalt f\u00fcr Steuerrecht, zertifizierter Datenschutzbeauftragter (T\u00dcV),<\/p>\n","protected":false},"author":1,"featured_media":0,"parent":0,"menu_order":0,"comment_status":"closed","ping_status":"closed","template":"","meta":{"footnotes":""},"class_list":["post-4","page","type-page","status-publish","hentry"],"_links":{"self":[{"href":"http:\/\/rechtsanwalt-olschewski.de\/index.php?rest_route=\/wp\/v2\/pages\/4","targetHints":{"allow":["GET"]}}],"collection":[{"href":"http:\/\/rechtsanwalt-olschewski.de\/index.php?rest_route=\/wp\/v2\/pages"}],"about":[{"href":"http:\/\/rechtsanwalt-olschewski.de\/index.php?rest_route=\/wp\/v2\/types\/page"}],"author":[{"embeddable":true,"href":"http:\/\/rechtsanwalt-olschewski.de\/index.php?rest_route=\/wp\/v2\/users\/1"}],"replies":[{"embeddable":true,"href":"http:\/\/rechtsanwalt-olschewski.de\/index.php?rest_route=%2Fwp%2Fv2%2Fcomments&post=4"}],"version-history":[{"count":6,"href":"http:\/\/rechtsanwalt-olschewski.de\/index.php?rest_route=\/wp\/v2\/pages\/4\/revisions"}],"predecessor-version":[{"id":40,"href":"http:\/\/rechtsanwalt-olschewski.de\/index.php?rest_route=\/wp\/v2\/pages\/4\/revisions\/40"}],"wp:attachment":[{"href":"http:\/\/rechtsanwalt-olschewski.de\/index.php?rest_route=%2Fwp%2Fv2%2Fmedia&parent=4"}],"curies":[{"name":"wp","href":"https:\/\/api.w.org\/{rel}","templated":true}]}}